{"id":3,"date":"2025-04-22T14:06:18","date_gmt":"2025-04-22T14:06:18","guid":{"rendered":"https:\/\/marmengol.santcugatesn.com\/?page_id=3"},"modified":"2025-04-24T14:18:40","modified_gmt":"2025-04-24T14:18:40","slug":"products-services-productos-y-servicios","status":"publish","type":"page","link":"https:\/\/marmengol.santcugatesn.com\/index.php\/products-services-productos-y-servicios\/","title":{"rendered":"Products &#038; Services (Productos y servicios)"},"content":{"rendered":"<h2 class=\"wp-block-heading\"><strong>\ud83d\uded2 Buy a VR Kit<\/strong><\/h2><p>Includes VR headset(s), motion controllers, sensors, and software.<\/p><p>Designed for home use, corporate events, or permanent installations.<\/p><figure class=\"wp-block-image size-full\"><img loading=\"lazy\" decoding=\"async\" width=\"1024\" height=\"1024\" src=\"https:\/\/marmengol.santcugatesn.com\/wp-content\/uploads\/2025\/04\/ChatGPT-Image-22-abr-2025-16_37_31.png\" alt=\"\" class=\"wp-image-25\" srcset=\"https:\/\/marmengol.santcugatesn.com\/wp-content\/uploads\/2025\/04\/ChatGPT-Image-22-abr-2025-16_37_31.png 1024w, https:\/\/marmengol.santcugatesn.com\/wp-content\/uploads\/2025\/04\/ChatGPT-Image-22-abr-2025-16_37_31-300x300.png 300w, https:\/\/marmengol.santcugatesn.com\/wp-content\/uploads\/2025\/04\/ChatGPT-Image-22-abr-2025-16_37_31-100x100.png 100w, https:\/\/marmengol.santcugatesn.com\/wp-content\/uploads\/2025\/04\/ChatGPT-Image-22-abr-2025-16_37_31-600x600.png 600w, https:\/\/marmengol.santcugatesn.com\/wp-content\/uploads\/2025\/04\/ChatGPT-Image-22-abr-2025-16_37_31-150x150.png 150w, https:\/\/marmengol.santcugatesn.com\/wp-content\/uploads\/2025\/04\/ChatGPT-Image-22-abr-2025-16_37_31-768x768.png 768w\" sizes=\"auto, (max-width: 1024px) 100vw, 1024px\" \/><\/figure><p><strong>\ud83d\udecb\ufe0f Rent for Events<\/strong><\/p><figure class=\"wp-block-image size-full\"><img loading=\"lazy\" decoding=\"async\" width=\"1024\" height=\"1024\" src=\"https:\/\/marmengol.santcugatesn.com\/wp-content\/uploads\/2025\/04\/ChatGPT-Image-22-abr-2025-16_40_13.png\" alt=\"\" class=\"wp-image-26\" srcset=\"https:\/\/marmengol.santcugatesn.com\/wp-content\/uploads\/2025\/04\/ChatGPT-Image-22-abr-2025-16_40_13.png 1024w, https:\/\/marmengol.santcugatesn.com\/wp-content\/uploads\/2025\/04\/ChatGPT-Image-22-abr-2025-16_40_13-300x300.png 300w, https:\/\/marmengol.santcugatesn.com\/wp-content\/uploads\/2025\/04\/ChatGPT-Image-22-abr-2025-16_40_13-100x100.png 100w, https:\/\/marmengol.santcugatesn.com\/wp-content\/uploads\/2025\/04\/ChatGPT-Image-22-abr-2025-16_40_13-600x600.png 600w, https:\/\/marmengol.santcugatesn.com\/wp-content\/uploads\/2025\/04\/ChatGPT-Image-22-abr-2025-16_40_13-150x150.png 150w, https:\/\/marmengol.santcugatesn.com\/wp-content\/uploads\/2025\/04\/ChatGPT-Image-22-abr-2025-16_40_13-768x768.png 768w\" sizes=\"auto, (max-width: 1024px) 100vw, 1024px\" \/><\/figure><p><strong>\ud83c\udf10 Premium Subscription<\/strong><\/p><ul class=\"wp-block-list\"><li>Access to exclusive games, social features, and content updates.<\/li>\n\n<li>Monthly or annual plans.<\/li><\/ul><p><strong>\ud83d\udcc8 Corporate Licensing<\/strong><\/p><ul class=\"wp-block-list\"><li>Volume pricing for event companies, hotels, and entertainment brands.<\/li>\n\n<li>White-label customization available.<\/li><\/ul><figure class=\"wp-block-image\"><img decoding=\"async\" src=\"https:\/\/sdmntprwestus.oaiusercontent.com\/files\/00000000-9dbc-6230-9ed9-8d068ccf7c40\/raw?se=2025-04-22T15%3A43%3A14Z&amp;sp=r&amp;sv=2024-08-04&amp;sr=b&amp;scid=e3804bfd-e36c-514e-b367-4754cde6b04f&amp;skoid=9370dd2b-ca43-4270-bed5-18b1b71f8fa0&amp;sktid=a48cca56-e6da-484e-a814-9c849652bcb3&amp;skt=2025-04-22T04%3A30%3A39Z&amp;ske=2025-04-23T04%3A30%3A39Z&amp;sks=b&amp;skv=2024-08-04&amp;sig=gzrrCq8wzyctuu22D45cPrUEdBLQEFeAPJSldW3IaSM%3D\" alt=\"Imagen generada\"\/><\/figure>","protected":false},"excerpt":{"rendered":"<p>\ud83d\uded2 Buy a VR Kit Includes VR headset(s), motion controllers, sensors, and software. Designed for home use, corporate events, or [&hellip;]<\/p>\n","protected":false},"author":1,"featured_media":0,"parent":0,"menu_order":0,"comment_status":"closed","ping_status":"closed","template":"","meta":{"site-sidebar-layout":"default","site-content-layout":"","ast-site-content-layout":"default","site-content-style":"default","site-sidebar-style":"default","ast-global-header-display":"","ast-banner-title-visibility":"","ast-main-header-display":"","ast-hfb-above-header-display":"","ast-hfb-below-header-display":"","ast-hfb-mobile-header-display":"","site-post-title":"","ast-breadcrumbs-content":"","ast-featured-img":"","footer-sml-layout":"","theme-transparent-header-meta":"","adv-header-id-meta":"","stick-header-meta":"","header-above-stick-meta":"","header-main-stick-meta":"","header-below-stick-meta":"","astra-migrate-meta-layouts":"default","ast-page-background-enabled":"default","ast-page-background-meta":{"desktop":{"background-color":"var(--ast-global-color-5)","background-image":"","background-repeat":"repeat","background-position":"center center","background-size":"auto","background-attachment":"scroll","background-type":"","background-media":"","overlay-type":"","overlay-color":"","overlay-opacity":"","overlay-gradient":""},"tablet":{"background-color":"","background-image":"","background-repeat":"repeat","background-position":"center center","background-size":"auto","background-attachment":"scroll","background-type":"","background-media":"","overlay-type":"","overlay-color":"","overlay-opacity":"","overlay-gradient":""},"mobile":{"background-color":"","background-image":"","background-repeat":"repeat","background-position":"center center","background-size":"auto","background-attachment":"scroll","background-type":"","background-media":"","overlay-type":"","overlay-color":"","overlay-opacity":"","overlay-gradient":""}},"ast-content-background-meta":{"desktop":{"background-color":"var(--ast-global-color-4)","background-image":"","background-repeat":"repeat","background-position":"center center","background-size":"auto","background-attachment":"scroll","background-type":"","background-media":"","overlay-type":"","overlay-color":"","overlay-opacity":"","overlay-gradient":""},"tablet":{"background-color":"var(--ast-global-color-4)","background-image":"","background-repeat":"repeat","background-position":"center center","background-size":"auto","background-attachment":"scroll","background-type":"","background-media":"","overlay-type":"","overlay-color":"","overlay-opacity":"","overlay-gradient":""},"mobile":{"background-color":"var(--ast-global-color-4)","background-image":"","background-repeat":"repeat","background-position":"center center","background-size":"auto","background-attachment":"scroll","background-type":"","background-media":"","overlay-type":"","overlay-color":"","overlay-opacity":"","overlay-gradient":""}},"footnotes":""},"class_list":["post-3","page","type-page","status-publish","hentry"],"yoast_head":"<!-- This site is optimized with the Yoast SEO plugin v24.9 - https:\/\/yoast.com\/wordpress\/plugins\/seo\/ -->\n<title>Products &amp; Services (Productos y servicios) - VRPartyWorld \u2013 The Future of Social Entertainment<\/title>\n<meta name=\"description\" content=\"Resumen \u2013 Products &amp; Services (Productos y Servicios) de VRPartyWorld:VRPartyWorld ofrece una soluci\u00f3n completa de entretenimiento en Realidad Virtual dise\u00f1ada para eventos sociales y corporativos. Su oferta se divide en tres modalidades principales:\ud83c\udf81 1. Kits VR Plug &amp; Play (Venta)Equipos port\u00e1tiles y f\u00e1ciles de usar.Incluyen juegos multijugador inmersivos y experiencias interactivas.Compatibles con smartphones y visores VR como Oculus, HTC Vive y PlayStation VR.\ud83d\udce6 2. Servicio de AlquilerIdeal para eventos puntuales como fiestas privadas, ferias, bodas o actividades de team building.Entrega r\u00e1pida, configuraci\u00f3n sencilla y asistencia si se requiere.\ud83d\udd04 3. Suscripci\u00f3n MensualAcceso a contenido exclusivo y actualizado constantemente: nuevos juegos, modos de evento, experiencias tem\u00e1ticas.Modelo escalable pensado para fidelizar y mantener el inter\u00e9s a largo plazo.\ud83e\udde9 4. Soluciones PersonalizadasContenido a medida para empresas, centros educativos, hoteles o agencias de eventos.Posibilidad de tematizaci\u00f3n, integraciones con el metaverso o branding corporativo.\" \/>\n<meta name=\"robots\" content=\"noindex, follow, max-snippet:-1, max-image-preview:large, max-video-preview:-1\" \/>\n<meta property=\"og:locale\" content=\"es_ES\" \/>\n<meta property=\"og:type\" content=\"article\" \/>\n<meta property=\"og:title\" content=\"Products &amp; Services (Productos y servicios) - VRPartyWorld \u2013 The Future of Social Entertainment\" \/>\n<meta property=\"og:description\" content=\"Resumen \u2013 Products &amp; Services (Productos y Servicios) de VRPartyWorld:VRPartyWorld ofrece una soluci\u00f3n completa de entretenimiento en Realidad Virtual dise\u00f1ada para eventos sociales y corporativos. Su oferta se divide en tres modalidades principales:\ud83c\udf81 1. Kits VR Plug &amp; Play (Venta)Equipos port\u00e1tiles y f\u00e1ciles de usar.Incluyen juegos multijugador inmersivos y experiencias interactivas.Compatibles con smartphones y visores VR como Oculus, HTC Vive y PlayStation VR.\ud83d\udce6 2. Servicio de AlquilerIdeal para eventos puntuales como fiestas privadas, ferias, bodas o actividades de team building.Entrega r\u00e1pida, configuraci\u00f3n sencilla y asistencia si se requiere.\ud83d\udd04 3. Suscripci\u00f3n MensualAcceso a contenido exclusivo y actualizado constantemente: nuevos juegos, modos de evento, experiencias tem\u00e1ticas.Modelo escalable pensado para fidelizar y mantener el inter\u00e9s a largo plazo.\ud83e\udde9 4. Soluciones PersonalizadasContenido a medida para empresas, centros educativos, hoteles o agencias de eventos.Posibilidad de tematizaci\u00f3n, integraciones con el metaverso o branding corporativo.\" \/>\n<meta property=\"og:url\" content=\"https:\/\/marmengol.santcugatesn.com\/index.php\/products-services-productos-y-servicios\/\" \/>\n<meta property=\"og:site_name\" content=\"VRPartyWorld \u2013 The Future of Social Entertainment\" \/>\n<meta property=\"article:modified_time\" content=\"2025-04-24T14:18:40+00:00\" \/>\n<meta property=\"og:image\" content=\"https:\/\/marmengol.santcugatesn.com\/wp-content\/uploads\/2025\/04\/ChatGPT-Image-22-abr-2025-16_37_31.png\" \/>\n\t<meta property=\"og:image:width\" content=\"1024\" \/>\n\t<meta property=\"og:image:height\" content=\"1024\" \/>\n\t<meta property=\"og:image:type\" content=\"image\/png\" \/>\n<meta name=\"twitter:card\" content=\"summary_large_image\" \/>\n<meta name=\"twitter:label1\" content=\"Tiempo de lectura\" \/>\n\t<meta name=\"twitter:data1\" content=\"2 minutos\" \/>\n<script type=\"application\/ld+json\" class=\"yoast-schema-graph\">{\"@context\":\"https:\/\/schema.org\",\"@graph\":[{\"@type\":\"WebPage\",\"@id\":\"https:\/\/marmengol.santcugatesn.com\/index.php\/products-services-productos-y-servicios\/\",\"url\":\"https:\/\/marmengol.santcugatesn.com\/index.php\/products-services-productos-y-servicios\/\",\"name\":\"Products & Services (Productos y servicios) - VRPartyWorld \u2013 The Future of Social Entertainment\",\"isPartOf\":{\"@id\":\"https:\/\/marmengol.santcugatesn.com\/#website\"},\"primaryImageOfPage\":{\"@id\":\"https:\/\/marmengol.santcugatesn.com\/index.php\/products-services-productos-y-servicios\/#primaryimage\"},\"image\":{\"@id\":\"https:\/\/marmengol.santcugatesn.com\/index.php\/products-services-productos-y-servicios\/#primaryimage\"},\"thumbnailUrl\":\"https:\/\/marmengol.santcugatesn.com\/wp-content\/uploads\/2025\/04\/ChatGPT-Image-22-abr-2025-16_37_31.png\",\"datePublished\":\"2025-04-22T14:06:18+00:00\",\"dateModified\":\"2025-04-24T14:18:40+00:00\",\"description\":\"Resumen \u2013 Products & Services (Productos y Servicios) de VRPartyWorld:VRPartyWorld ofrece una soluci\u00f3n completa de entretenimiento en Realidad Virtual dise\u00f1ada para eventos sociales y corporativos. Su oferta se divide en tres modalidades principales:\ud83c\udf81 1. Kits VR Plug & Play (Venta)Equipos port\u00e1tiles y f\u00e1ciles de usar.Incluyen juegos multijugador inmersivos y experiencias interactivas.Compatibles con smartphones y visores VR como Oculus, HTC Vive y PlayStation VR.\ud83d\udce6 2. Servicio de AlquilerIdeal para eventos puntuales como fiestas privadas, ferias, bodas o actividades de team building.Entrega r\u00e1pida, configuraci\u00f3n sencilla y asistencia si se requiere.\ud83d\udd04 3. Suscripci\u00f3n MensualAcceso a contenido exclusivo y actualizado constantemente: nuevos juegos, modos de evento, experiencias tem\u00e1ticas.Modelo escalable pensado para fidelizar y mantener el inter\u00e9s a largo plazo.\ud83e\udde9 4. Soluciones PersonalizadasContenido a medida para empresas, centros educativos, hoteles o agencias de eventos.Posibilidad de tematizaci\u00f3n, integraciones con el metaverso o branding corporativo.\",\"breadcrumb\":{\"@id\":\"https:\/\/marmengol.santcugatesn.com\/index.php\/products-services-productos-y-servicios\/#breadcrumb\"},\"inLanguage\":\"es\",\"potentialAction\":[{\"@type\":\"ReadAction\",\"target\":[\"https:\/\/marmengol.santcugatesn.com\/index.php\/products-services-productos-y-servicios\/\"]}]},{\"@type\":\"ImageObject\",\"inLanguage\":\"es\",\"@id\":\"https:\/\/marmengol.santcugatesn.com\/index.php\/products-services-productos-y-servicios\/#primaryimage\",\"url\":\"https:\/\/marmengol.santcugatesn.com\/wp-content\/uploads\/2025\/04\/ChatGPT-Image-22-abr-2025-16_37_31.png\",\"contentUrl\":\"https:\/\/marmengol.santcugatesn.com\/wp-content\/uploads\/2025\/04\/ChatGPT-Image-22-abr-2025-16_37_31.png\",\"width\":1024,\"height\":1024},{\"@type\":\"BreadcrumbList\",\"@id\":\"https:\/\/marmengol.santcugatesn.com\/index.php\/products-services-productos-y-servicios\/#breadcrumb\",\"itemListElement\":[{\"@type\":\"ListItem\",\"position\":1,\"name\":\"Portada\",\"item\":\"https:\/\/marmengol.santcugatesn.com\/\"},{\"@type\":\"ListItem\",\"position\":2,\"name\":\"Products &#038; Services (Productos y servicios)\"}]},{\"@type\":\"WebSite\",\"@id\":\"https:\/\/marmengol.santcugatesn.com\/#website\",\"url\":\"https:\/\/marmengol.santcugatesn.com\/\",\"name\":\"VRPartyWorld \u2013 The Future of Social Entertainment\",\"description\":\"\",\"publisher\":{\"@id\":\"https:\/\/marmengol.santcugatesn.com\/#organization\"},\"potentialAction\":[{\"@type\":\"SearchAction\",\"target\":{\"@type\":\"EntryPoint\",\"urlTemplate\":\"https:\/\/marmengol.santcugatesn.com\/?s={search_term_string}\"},\"query-input\":{\"@type\":\"PropertyValueSpecification\",\"valueRequired\":true,\"valueName\":\"search_term_string\"}}],\"inLanguage\":\"es\"},{\"@type\":\"Organization\",\"@id\":\"https:\/\/marmengol.santcugatesn.com\/#organization\",\"name\":\"VRPartyWorld \u2013 The Future of Social Entertainment\",\"url\":\"https:\/\/marmengol.santcugatesn.com\/\",\"logo\":{\"@type\":\"ImageObject\",\"inLanguage\":\"es\",\"@id\":\"https:\/\/marmengol.santcugatesn.com\/#\/schema\/logo\/image\/\",\"url\":\"https:\/\/marmengol.santcugatesn.com\/wp-content\/uploads\/2025\/04\/cropped-ChatGPT-Image-24-abr-2025-17_08_47.png\",\"contentUrl\":\"https:\/\/marmengol.santcugatesn.com\/wp-content\/uploads\/2025\/04\/cropped-ChatGPT-Image-24-abr-2025-17_08_47.png\",\"width\":512,\"height\":512,\"caption\":\"VRPartyWorld \u2013 The Future of Social Entertainment\"},\"image\":{\"@id\":\"https:\/\/marmengol.santcugatesn.com\/#\/schema\/logo\/image\/\"}}]}<\/script>\n<!-- \/ Yoast SEO plugin. -->","yoast_head_json":{"title":"Products & Services (Productos y servicios) - VRPartyWorld \u2013 The Future of Social Entertainment","description":"Resumen \u2013 Products & Services (Productos y Servicios) de VRPartyWorld:VRPartyWorld ofrece una soluci\u00f3n completa de entretenimiento en Realidad Virtual dise\u00f1ada para eventos sociales y corporativos. Su oferta se divide en tres modalidades principales:\ud83c\udf81 1. Kits VR Plug & Play (Venta)Equipos port\u00e1tiles y f\u00e1ciles de usar.Incluyen juegos multijugador inmersivos y experiencias interactivas.Compatibles con smartphones y visores VR como Oculus, HTC Vive y PlayStation VR.\ud83d\udce6 2. Servicio de AlquilerIdeal para eventos puntuales como fiestas privadas, ferias, bodas o actividades de team building.Entrega r\u00e1pida, configuraci\u00f3n sencilla y asistencia si se requiere.\ud83d\udd04 3. Suscripci\u00f3n MensualAcceso a contenido exclusivo y actualizado constantemente: nuevos juegos, modos de evento, experiencias tem\u00e1ticas.Modelo escalable pensado para fidelizar y mantener el inter\u00e9s a largo plazo.\ud83e\udde9 4. Soluciones PersonalizadasContenido a medida para empresas, centros educativos, hoteles o agencias de eventos.Posibilidad de tematizaci\u00f3n, integraciones con el metaverso o branding corporativo.","robots":{"index":"noindex","follow":"follow","max-snippet":"max-snippet:-1","max-image-preview":"max-image-preview:large","max-video-preview":"max-video-preview:-1"},"og_locale":"es_ES","og_type":"article","og_title":"Products & Services (Productos y servicios) - VRPartyWorld \u2013 The Future of Social Entertainment","og_description":"Resumen \u2013 Products & Services (Productos y Servicios) de VRPartyWorld:VRPartyWorld ofrece una soluci\u00f3n completa de entretenimiento en Realidad Virtual dise\u00f1ada para eventos sociales y corporativos. Su oferta se divide en tres modalidades principales:\ud83c\udf81 1. Kits VR Plug & Play (Venta)Equipos port\u00e1tiles y f\u00e1ciles de usar.Incluyen juegos multijugador inmersivos y experiencias interactivas.Compatibles con smartphones y visores VR como Oculus, HTC Vive y PlayStation VR.\ud83d\udce6 2. Servicio de AlquilerIdeal para eventos puntuales como fiestas privadas, ferias, bodas o actividades de team building.Entrega r\u00e1pida, configuraci\u00f3n sencilla y asistencia si se requiere.\ud83d\udd04 3. Suscripci\u00f3n MensualAcceso a contenido exclusivo y actualizado constantemente: nuevos juegos, modos de evento, experiencias tem\u00e1ticas.Modelo escalable pensado para fidelizar y mantener el inter\u00e9s a largo plazo.\ud83e\udde9 4. Soluciones PersonalizadasContenido a medida para empresas, centros educativos, hoteles o agencias de eventos.Posibilidad de tematizaci\u00f3n, integraciones con el metaverso o branding corporativo.","og_url":"https:\/\/marmengol.santcugatesn.com\/index.php\/products-services-productos-y-servicios\/","og_site_name":"VRPartyWorld \u2013 The Future of Social Entertainment","article_modified_time":"2025-04-24T14:18:40+00:00","og_image":[{"width":1024,"height":1024,"url":"https:\/\/marmengol.santcugatesn.com\/wp-content\/uploads\/2025\/04\/ChatGPT-Image-22-abr-2025-16_37_31.png","type":"image\/png"}],"twitter_card":"summary_large_image","twitter_misc":{"Tiempo de lectura":"2 minutos"},"schema":{"@context":"https:\/\/schema.org","@graph":[{"@type":"WebPage","@id":"https:\/\/marmengol.santcugatesn.com\/index.php\/products-services-productos-y-servicios\/","url":"https:\/\/marmengol.santcugatesn.com\/index.php\/products-services-productos-y-servicios\/","name":"Products & Services (Productos y servicios) - VRPartyWorld \u2013 The Future of Social Entertainment","isPartOf":{"@id":"https:\/\/marmengol.santcugatesn.com\/#website"},"primaryImageOfPage":{"@id":"https:\/\/marmengol.santcugatesn.com\/index.php\/products-services-productos-y-servicios\/#primaryimage"},"image":{"@id":"https:\/\/marmengol.santcugatesn.com\/index.php\/products-services-productos-y-servicios\/#primaryimage"},"thumbnailUrl":"https:\/\/marmengol.santcugatesn.com\/wp-content\/uploads\/2025\/04\/ChatGPT-Image-22-abr-2025-16_37_31.png","datePublished":"2025-04-22T14:06:18+00:00","dateModified":"2025-04-24T14:18:40+00:00","description":"Resumen \u2013 Products & Services (Productos y Servicios) de VRPartyWorld:VRPartyWorld ofrece una soluci\u00f3n completa de entretenimiento en Realidad Virtual dise\u00f1ada para eventos sociales y corporativos. Su oferta se divide en tres modalidades principales:\ud83c\udf81 1. Kits VR Plug & Play (Venta)Equipos port\u00e1tiles y f\u00e1ciles de usar.Incluyen juegos multijugador inmersivos y experiencias interactivas.Compatibles con smartphones y visores VR como Oculus, HTC Vive y PlayStation VR.\ud83d\udce6 2. Servicio de AlquilerIdeal para eventos puntuales como fiestas privadas, ferias, bodas o actividades de team building.Entrega r\u00e1pida, configuraci\u00f3n sencilla y asistencia si se requiere.\ud83d\udd04 3. Suscripci\u00f3n MensualAcceso a contenido exclusivo y actualizado constantemente: nuevos juegos, modos de evento, experiencias tem\u00e1ticas.Modelo escalable pensado para fidelizar y mantener el inter\u00e9s a largo plazo.\ud83e\udde9 4. Soluciones PersonalizadasContenido a medida para empresas, centros educativos, hoteles o agencias de eventos.Posibilidad de tematizaci\u00f3n, integraciones con el metaverso o branding corporativo.","breadcrumb":{"@id":"https:\/\/marmengol.santcugatesn.com\/index.php\/products-services-productos-y-servicios\/#breadcrumb"},"inLanguage":"es","potentialAction":[{"@type":"ReadAction","target":["https:\/\/marmengol.santcugatesn.com\/index.php\/products-services-productos-y-servicios\/"]}]},{"@type":"ImageObject","inLanguage":"es","@id":"https:\/\/marmengol.santcugatesn.com\/index.php\/products-services-productos-y-servicios\/#primaryimage","url":"https:\/\/marmengol.santcugatesn.com\/wp-content\/uploads\/2025\/04\/ChatGPT-Image-22-abr-2025-16_37_31.png","contentUrl":"https:\/\/marmengol.santcugatesn.com\/wp-content\/uploads\/2025\/04\/ChatGPT-Image-22-abr-2025-16_37_31.png","width":1024,"height":1024},{"@type":"BreadcrumbList","@id":"https:\/\/marmengol.santcugatesn.com\/index.php\/products-services-productos-y-servicios\/#breadcrumb","itemListElement":[{"@type":"ListItem","position":1,"name":"Portada","item":"https:\/\/marmengol.santcugatesn.com\/"},{"@type":"ListItem","position":2,"name":"Products &#038; Services (Productos y servicios)"}]},{"@type":"WebSite","@id":"https:\/\/marmengol.santcugatesn.com\/#website","url":"https:\/\/marmengol.santcugatesn.com\/","name":"VRPartyWorld \u2013 The Future of Social Entertainment","description":"","publisher":{"@id":"https:\/\/marmengol.santcugatesn.com\/#organization"},"potentialAction":[{"@type":"SearchAction","target":{"@type":"EntryPoint","urlTemplate":"https:\/\/marmengol.santcugatesn.com\/?s={search_term_string}"},"query-input":{"@type":"PropertyValueSpecification","valueRequired":true,"valueName":"search_term_string"}}],"inLanguage":"es"},{"@type":"Organization","@id":"https:\/\/marmengol.santcugatesn.com\/#organization","name":"VRPartyWorld \u2013 The Future of Social Entertainment","url":"https:\/\/marmengol.santcugatesn.com\/","logo":{"@type":"ImageObject","inLanguage":"es","@id":"https:\/\/marmengol.santcugatesn.com\/#\/schema\/logo\/image\/","url":"https:\/\/marmengol.santcugatesn.com\/wp-content\/uploads\/2025\/04\/cropped-ChatGPT-Image-24-abr-2025-17_08_47.png","contentUrl":"https:\/\/marmengol.santcugatesn.com\/wp-content\/uploads\/2025\/04\/cropped-ChatGPT-Image-24-abr-2025-17_08_47.png","width":512,"height":512,"caption":"VRPartyWorld \u2013 The Future of Social Entertainment"},"image":{"@id":"https:\/\/marmengol.santcugatesn.com\/#\/schema\/logo\/image\/"}}]}},"_links":{"self":[{"href":"https:\/\/marmengol.santcugatesn.com\/index.php\/wp-json\/wp\/v2\/pages\/3","targetHints":{"allow":["GET"]}}],"collection":[{"href":"https:\/\/marmengol.santcugatesn.com\/index.php\/wp-json\/wp\/v2\/pages"}],"about":[{"href":"https:\/\/marmengol.santcugatesn.com\/index.php\/wp-json\/wp\/v2\/types\/page"}],"author":[{"embeddable":true,"href":"https:\/\/marmengol.santcugatesn.com\/index.php\/wp-json\/wp\/v2\/users\/1"}],"replies":[{"embeddable":true,"href":"https:\/\/marmengol.santcugatesn.com\/index.php\/wp-json\/wp\/v2\/comments?post=3"}],"version-history":[{"count":2,"href":"https:\/\/marmengol.santcugatesn.com\/index.php\/wp-json\/wp\/v2\/pages\/3\/revisions"}],"predecessor-version":[{"id":27,"href":"https:\/\/marmengol.santcugatesn.com\/index.php\/wp-json\/wp\/v2\/pages\/3\/revisions\/27"}],"wp:attachment":[{"href":"https:\/\/marmengol.santcugatesn.com\/index.php\/wp-json\/wp\/v2\/media?parent=3"}],"curies":[{"name":"wp","href":"https:\/\/api.w.org\/{rel}","templated":true}]}}