{"id":43,"date":"2025-04-23T14:31:25","date_gmt":"2025-04-23T14:31:25","guid":{"rendered":"https:\/\/marmengol.santcugatesn.com\/?page_id=43"},"modified":"2025-04-24T14:13:28","modified_gmt":"2025-04-24T14:13:28","slug":"welcome-to-vrpartyworld","status":"publish","type":"page","link":"https:\/\/marmengol.santcugatesn.com\/","title":{"rendered":"Welcome to VRPartyWorld"},"content":{"rendered":"<h3 class=\"wp-block-heading\">Experience the Future of Social Entertainment<\/h3><p>At VRPartyWorld, we transform your events into <strong>unforgettable immersive adventures<\/strong> with our innovative <strong>Virtual Reality (VR) Party Kits<\/strong>. Whether it\u2019s a home party, corporate event, or special celebration, we bring cutting-edge entertainment right to your space.<\/p><p>\ud83d\ude80 <strong>Plug &amp; Play, Instant Fun<\/strong><br>Our kits are designed for everyone\u2014set up in just minutes with zero tech skills required.<\/p><p>\ud83c\udfae <strong>Endless Multiplayer Excitement<\/strong><br>Each kit includes immersive games, virtual competitions, and exclusive content that\u2019s updated regularly to keep the fun fresh.<\/p><p>\ud83c\udf10 <strong>Portable &amp; Scalable<\/strong><\/p><p>Perfect for house parties, offices, hotels, festivals, and any place where people come together to celebrate.<\/p><p>\ud83d\udca1 <strong>Tech That Disappears\u2014Moments That Stay<\/strong><br>We don\u2019t just sell hardware\u2014we craft <strong>memorable experiences<\/strong>. Our mission is to foster real human connection through the power of invisible, intuitive technology.<\/p><p>\ud83c\udfaf <strong>What We Offer:<\/strong><\/p><ul class=\"wp-block-list\"><li>Full VR Party Kits for purchase<\/li>\n\n<li>Rental service for events and corporate functions<\/li>\n\n<li>Monthly subscription with new, exclusive content<\/li>\n\n<li>Custom solutions for businesses and themed events<\/li><\/ul><figure class=\"wp-block-image size-full\"><img loading=\"lazy\" decoding=\"async\" width=\"362\" height=\"234\" src=\"https:\/\/marmengol.santcugatesn.com\/wp-content\/uploads\/2025\/04\/image-1.jpeg\" alt=\"\" class=\"wp-image-72\" srcset=\"https:\/\/marmengol.santcugatesn.com\/wp-content\/uploads\/2025\/04\/image-1.jpeg 362w, https:\/\/marmengol.santcugatesn.com\/wp-content\/uploads\/2025\/04\/image-1-300x194.jpeg 300w\" sizes=\"auto, (max-width: 362px) 100vw, 362px\" \/><\/figure><figure class=\"wp-block-image size-full\"><img loading=\"lazy\" decoding=\"async\" width=\"395\" height=\"200\" src=\"https:\/\/marmengol.santcugatesn.com\/wp-content\/uploads\/2025\/04\/image.jpeg\" alt=\"\" class=\"wp-image-71\" srcset=\"https:\/\/marmengol.santcugatesn.com\/wp-content\/uploads\/2025\/04\/image.jpeg 395w, https:\/\/marmengol.santcugatesn.com\/wp-content\/uploads\/2025\/04\/image-300x152.jpeg 300w\" sizes=\"auto, (max-width: 395px) 100vw, 395px\" \/><\/figure>","protected":false},"excerpt":{"rendered":"<p>Experience the Future of Social Entertainment At VRPartyWorld, we transform your events into unforgettable immersive adventures with our innovative Virtual [&hellip;]<\/p>\n","protected":false},"author":1,"featured_media":0,"parent":0,"menu_order":0,"comment_status":"closed","ping_status":"closed","template":"","meta":{"site-sidebar-layout":"default","site-content-layout":"","ast-site-content-layout":"default","site-content-style":"default","site-sidebar-style":"default","ast-global-header-display":"","ast-banner-title-visibility":"","ast-main-header-display":"","ast-hfb-above-header-display":"","ast-hfb-below-header-display":"","ast-hfb-mobile-header-display":"","site-post-title":"","ast-breadcrumbs-content":"","ast-featured-img":"","footer-sml-layout":"","theme-transparent-header-meta":"","adv-header-id-meta":"","stick-header-meta":"","header-above-stick-meta":"","header-main-stick-meta":"","header-below-stick-meta":"","astra-migrate-meta-layouts":"default","ast-page-background-enabled":"default","ast-page-background-meta":{"desktop":{"background-color":"var(--ast-global-color-5)","background-image":"","background-repeat":"repeat","background-position":"center center","background-size":"auto","background-attachment":"scroll","background-type":"","background-media":"","overlay-type":"","overlay-color":"","overlay-opacity":"","overlay-gradient":""},"tablet":{"background-color":"","background-image":"","background-repeat":"repeat","background-position":"center center","background-size":"auto","background-attachment":"scroll","background-type":"","background-media":"","overlay-type":"","overlay-color":"","overlay-opacity":"","overlay-gradient":""},"mobile":{"background-color":"","background-image":"","background-repeat":"repeat","background-position":"center center","background-size":"auto","background-attachment":"scroll","background-type":"","background-media":"","overlay-type":"","overlay-color":"","overlay-opacity":"","overlay-gradient":""}},"ast-content-background-meta":{"desktop":{"background-color":"var(--ast-global-color-4)","background-image":"","background-repeat":"repeat","background-position":"center center","background-size":"auto","background-attachment":"scroll","background-type":"","background-media":"","overlay-type":"","overlay-color":"","overlay-opacity":"","overlay-gradient":""},"tablet":{"background-color":"var(--ast-global-color-4)","background-image":"","background-repeat":"repeat","background-position":"center center","background-size":"auto","background-attachment":"scroll","background-type":"","background-media":"","overlay-type":"","overlay-color":"","overlay-opacity":"","overlay-gradient":""},"mobile":{"background-color":"var(--ast-global-color-4)","background-image":"","background-repeat":"repeat","background-position":"center center","background-size":"auto","background-attachment":"scroll","background-type":"","background-media":"","overlay-type":"","overlay-color":"","overlay-opacity":"","overlay-gradient":""}},"footnotes":""},"class_list":["post-43","page","type-page","status-publish","hentry"],"yoast_head":"<!-- This site is optimized with the Yoast SEO plugin v24.9 - https:\/\/yoast.com\/wordpress\/plugins\/seo\/ -->\n<title>Welcome to VRPartyWorld - VRPartyWorld \u2013 The Future of Social Entertainment<\/title>\n<meta name=\"description\" content=\"Resumen de VRPartyWorld:VRPartyWorld convierte cualquier evento en una aventura inmersiva inolvidable con sus innovadores kits de Realidad Virtual (VR). Son f\u00e1ciles de usar (plug &amp; play), sin necesidad de conocimientos t\u00e9cnicos, y est\u00e1n pensados para fiestas en casa, eventos corporativos o celebraciones especiales. Ofrecen experiencias multijugador actualizadas regularmente, y su formato port\u00e1til y escalable los hace ideales para cualquier lugar. M\u00e1s que vender tecnolog\u00eda, crean momentos memorables.Ofrecen:Kits VR completos a la ventaAlquiler para eventos y empresasSuscripci\u00f3n mensual con contenido exclusivoSoluciones personalizadas para eventos tem\u00e1ticos y corporativos\" \/>\n<meta name=\"robots\" content=\"noindex, follow, max-snippet:-1, max-image-preview:large, max-video-preview:-1\" \/>\n<meta property=\"og:locale\" content=\"es_ES\" \/>\n<meta property=\"og:type\" content=\"article\" \/>\n<meta property=\"og:title\" content=\"Welcome to VRPartyWorld - VRPartyWorld \u2013 The Future of Social Entertainment\" \/>\n<meta property=\"og:description\" content=\"Resumen de VRPartyWorld:VRPartyWorld convierte cualquier evento en una aventura inmersiva inolvidable con sus innovadores kits de Realidad Virtual (VR). Son f\u00e1ciles de usar (plug &amp; play), sin necesidad de conocimientos t\u00e9cnicos, y est\u00e1n pensados para fiestas en casa, eventos corporativos o celebraciones especiales. Ofrecen experiencias multijugador actualizadas regularmente, y su formato port\u00e1til y escalable los hace ideales para cualquier lugar. M\u00e1s que vender tecnolog\u00eda, crean momentos memorables.Ofrecen:Kits VR completos a la ventaAlquiler para eventos y empresasSuscripci\u00f3n mensual con contenido exclusivoSoluciones personalizadas para eventos tem\u00e1ticos y corporativos\" \/>\n<meta property=\"og:url\" content=\"https:\/\/marmengol.santcugatesn.com\/\" \/>\n<meta property=\"og:site_name\" content=\"VRPartyWorld \u2013 The Future of Social Entertainment\" \/>\n<meta property=\"article:modified_time\" content=\"2025-04-24T14:13:28+00:00\" \/>\n<meta property=\"og:image\" content=\"https:\/\/marmengol.santcugatesn.com\/wp-content\/uploads\/2025\/04\/image-1.jpeg\" \/>\n\t<meta property=\"og:image:width\" content=\"362\" \/>\n\t<meta property=\"og:image:height\" content=\"234\" \/>\n\t<meta property=\"og:image:type\" content=\"image\/jpeg\" \/>\n<meta name=\"twitter:card\" content=\"summary_large_image\" \/>\n<meta name=\"twitter:label1\" content=\"Tiempo de lectura\" \/>\n\t<meta name=\"twitter:data1\" content=\"2 minutos\" \/>\n<script type=\"application\/ld+json\" class=\"yoast-schema-graph\">{\"@context\":\"https:\/\/schema.org\",\"@graph\":[{\"@type\":\"WebPage\",\"@id\":\"https:\/\/marmengol.santcugatesn.com\/\",\"url\":\"https:\/\/marmengol.santcugatesn.com\/\",\"name\":\"Welcome to VRPartyWorld - VRPartyWorld \u2013 The Future of Social Entertainment\",\"isPartOf\":{\"@id\":\"https:\/\/marmengol.santcugatesn.com\/#website\"},\"primaryImageOfPage\":{\"@id\":\"https:\/\/marmengol.santcugatesn.com\/#primaryimage\"},\"image\":{\"@id\":\"https:\/\/marmengol.santcugatesn.com\/#primaryimage\"},\"thumbnailUrl\":\"https:\/\/marmengol.santcugatesn.com\/wp-content\/uploads\/2025\/04\/image-1.jpeg\",\"datePublished\":\"2025-04-23T14:31:25+00:00\",\"dateModified\":\"2025-04-24T14:13:28+00:00\",\"description\":\"Resumen de VRPartyWorld:VRPartyWorld convierte cualquier evento en una aventura inmersiva inolvidable con sus innovadores kits de Realidad Virtual (VR). Son f\u00e1ciles de usar (plug & play), sin necesidad de conocimientos t\u00e9cnicos, y est\u00e1n pensados para fiestas en casa, eventos corporativos o celebraciones especiales. Ofrecen experiencias multijugador actualizadas regularmente, y su formato port\u00e1til y escalable los hace ideales para cualquier lugar. M\u00e1s que vender tecnolog\u00eda, crean momentos memorables.Ofrecen:Kits VR completos a la ventaAlquiler para eventos y empresasSuscripci\u00f3n mensual con contenido exclusivoSoluciones personalizadas para eventos tem\u00e1ticos y corporativos\",\"breadcrumb\":{\"@id\":\"https:\/\/marmengol.santcugatesn.com\/#breadcrumb\"},\"inLanguage\":\"es\",\"potentialAction\":[{\"@type\":\"ReadAction\",\"target\":[\"https:\/\/marmengol.santcugatesn.com\/\"]}]},{\"@type\":\"ImageObject\",\"inLanguage\":\"es\",\"@id\":\"https:\/\/marmengol.santcugatesn.com\/#primaryimage\",\"url\":\"https:\/\/marmengol.santcugatesn.com\/wp-content\/uploads\/2025\/04\/image-1.jpeg\",\"contentUrl\":\"https:\/\/marmengol.santcugatesn.com\/wp-content\/uploads\/2025\/04\/image-1.jpeg\",\"width\":362,\"height\":234},{\"@type\":\"BreadcrumbList\",\"@id\":\"https:\/\/marmengol.santcugatesn.com\/#breadcrumb\",\"itemListElement\":[{\"@type\":\"ListItem\",\"position\":1,\"name\":\"Portada\",\"item\":\"https:\/\/marmengol.santcugatesn.com\/\"},{\"@type\":\"ListItem\",\"position\":2,\"name\":\"Welcome to VRPartyWorld\"}]},{\"@type\":\"WebSite\",\"@id\":\"https:\/\/marmengol.santcugatesn.com\/#website\",\"url\":\"https:\/\/marmengol.santcugatesn.com\/\",\"name\":\"VRPartyWorld \u2013 The Future of Social Entertainment\",\"description\":\"\",\"publisher\":{\"@id\":\"https:\/\/marmengol.santcugatesn.com\/#organization\"},\"potentialAction\":[{\"@type\":\"SearchAction\",\"target\":{\"@type\":\"EntryPoint\",\"urlTemplate\":\"https:\/\/marmengol.santcugatesn.com\/?s={search_term_string}\"},\"query-input\":{\"@type\":\"PropertyValueSpecification\",\"valueRequired\":true,\"valueName\":\"search_term_string\"}}],\"inLanguage\":\"es\"},{\"@type\":\"Organization\",\"@id\":\"https:\/\/marmengol.santcugatesn.com\/#organization\",\"name\":\"VRPartyWorld \u2013 The Future of Social Entertainment\",\"url\":\"https:\/\/marmengol.santcugatesn.com\/\",\"logo\":{\"@type\":\"ImageObject\",\"inLanguage\":\"es\",\"@id\":\"https:\/\/marmengol.santcugatesn.com\/#\/schema\/logo\/image\/\",\"url\":\"https:\/\/marmengol.santcugatesn.com\/wp-content\/uploads\/2025\/04\/cropped-ChatGPT-Image-24-abr-2025-17_08_47.png\",\"contentUrl\":\"https:\/\/marmengol.santcugatesn.com\/wp-content\/uploads\/2025\/04\/cropped-ChatGPT-Image-24-abr-2025-17_08_47.png\",\"width\":512,\"height\":512,\"caption\":\"VRPartyWorld \u2013 The Future of Social Entertainment\"},\"image\":{\"@id\":\"https:\/\/marmengol.santcugatesn.com\/#\/schema\/logo\/image\/\"}}]}<\/script>\n<!-- \/ Yoast SEO plugin. -->","yoast_head_json":{"title":"Welcome to VRPartyWorld - VRPartyWorld \u2013 The Future of Social Entertainment","description":"Resumen de VRPartyWorld:VRPartyWorld convierte cualquier evento en una aventura inmersiva inolvidable con sus innovadores kits de Realidad Virtual (VR). Son f\u00e1ciles de usar (plug & play), sin necesidad de conocimientos t\u00e9cnicos, y est\u00e1n pensados para fiestas en casa, eventos corporativos o celebraciones especiales. Ofrecen experiencias multijugador actualizadas regularmente, y su formato port\u00e1til y escalable los hace ideales para cualquier lugar. M\u00e1s que vender tecnolog\u00eda, crean momentos memorables.Ofrecen:Kits VR completos a la ventaAlquiler para eventos y empresasSuscripci\u00f3n mensual con contenido exclusivoSoluciones personalizadas para eventos tem\u00e1ticos y corporativos","robots":{"index":"noindex","follow":"follow","max-snippet":"max-snippet:-1","max-image-preview":"max-image-preview:large","max-video-preview":"max-video-preview:-1"},"og_locale":"es_ES","og_type":"article","og_title":"Welcome to VRPartyWorld - VRPartyWorld \u2013 The Future of Social Entertainment","og_description":"Resumen de VRPartyWorld:VRPartyWorld convierte cualquier evento en una aventura inmersiva inolvidable con sus innovadores kits de Realidad Virtual (VR). Son f\u00e1ciles de usar (plug & play), sin necesidad de conocimientos t\u00e9cnicos, y est\u00e1n pensados para fiestas en casa, eventos corporativos o celebraciones especiales. Ofrecen experiencias multijugador actualizadas regularmente, y su formato port\u00e1til y escalable los hace ideales para cualquier lugar. M\u00e1s que vender tecnolog\u00eda, crean momentos memorables.Ofrecen:Kits VR completos a la ventaAlquiler para eventos y empresasSuscripci\u00f3n mensual con contenido exclusivoSoluciones personalizadas para eventos tem\u00e1ticos y corporativos","og_url":"https:\/\/marmengol.santcugatesn.com\/","og_site_name":"VRPartyWorld \u2013 The Future of Social Entertainment","article_modified_time":"2025-04-24T14:13:28+00:00","og_image":[{"width":362,"height":234,"url":"https:\/\/marmengol.santcugatesn.com\/wp-content\/uploads\/2025\/04\/image-1.jpeg","type":"image\/jpeg"}],"twitter_card":"summary_large_image","twitter_misc":{"Tiempo de lectura":"2 minutos"},"schema":{"@context":"https:\/\/schema.org","@graph":[{"@type":"WebPage","@id":"https:\/\/marmengol.santcugatesn.com\/","url":"https:\/\/marmengol.santcugatesn.com\/","name":"Welcome to VRPartyWorld - VRPartyWorld \u2013 The Future of Social Entertainment","isPartOf":{"@id":"https:\/\/marmengol.santcugatesn.com\/#website"},"primaryImageOfPage":{"@id":"https:\/\/marmengol.santcugatesn.com\/#primaryimage"},"image":{"@id":"https:\/\/marmengol.santcugatesn.com\/#primaryimage"},"thumbnailUrl":"https:\/\/marmengol.santcugatesn.com\/wp-content\/uploads\/2025\/04\/image-1.jpeg","datePublished":"2025-04-23T14:31:25+00:00","dateModified":"2025-04-24T14:13:28+00:00","description":"Resumen de VRPartyWorld:VRPartyWorld convierte cualquier evento en una aventura inmersiva inolvidable con sus innovadores kits de Realidad Virtual (VR). Son f\u00e1ciles de usar (plug & play), sin necesidad de conocimientos t\u00e9cnicos, y est\u00e1n pensados para fiestas en casa, eventos corporativos o celebraciones especiales. Ofrecen experiencias multijugador actualizadas regularmente, y su formato port\u00e1til y escalable los hace ideales para cualquier lugar. M\u00e1s que vender tecnolog\u00eda, crean momentos memorables.Ofrecen:Kits VR completos a la ventaAlquiler para eventos y empresasSuscripci\u00f3n mensual con contenido exclusivoSoluciones personalizadas para eventos tem\u00e1ticos y corporativos","breadcrumb":{"@id":"https:\/\/marmengol.santcugatesn.com\/#breadcrumb"},"inLanguage":"es","potentialAction":[{"@type":"ReadAction","target":["https:\/\/marmengol.santcugatesn.com\/"]}]},{"@type":"ImageObject","inLanguage":"es","@id":"https:\/\/marmengol.santcugatesn.com\/#primaryimage","url":"https:\/\/marmengol.santcugatesn.com\/wp-content\/uploads\/2025\/04\/image-1.jpeg","contentUrl":"https:\/\/marmengol.santcugatesn.com\/wp-content\/uploads\/2025\/04\/image-1.jpeg","width":362,"height":234},{"@type":"BreadcrumbList","@id":"https:\/\/marmengol.santcugatesn.com\/#breadcrumb","itemListElement":[{"@type":"ListItem","position":1,"name":"Portada","item":"https:\/\/marmengol.santcugatesn.com\/"},{"@type":"ListItem","position":2,"name":"Welcome to VRPartyWorld"}]},{"@type":"WebSite","@id":"https:\/\/marmengol.santcugatesn.com\/#website","url":"https:\/\/marmengol.santcugatesn.com\/","name":"VRPartyWorld \u2013 The Future of Social Entertainment","description":"","publisher":{"@id":"https:\/\/marmengol.santcugatesn.com\/#organization"},"potentialAction":[{"@type":"SearchAction","target":{"@type":"EntryPoint","urlTemplate":"https:\/\/marmengol.santcugatesn.com\/?s={search_term_string}"},"query-input":{"@type":"PropertyValueSpecification","valueRequired":true,"valueName":"search_term_string"}}],"inLanguage":"es"},{"@type":"Organization","@id":"https:\/\/marmengol.santcugatesn.com\/#organization","name":"VRPartyWorld \u2013 The Future of Social Entertainment","url":"https:\/\/marmengol.santcugatesn.com\/","logo":{"@type":"ImageObject","inLanguage":"es","@id":"https:\/\/marmengol.santcugatesn.com\/#\/schema\/logo\/image\/","url":"https:\/\/marmengol.santcugatesn.com\/wp-content\/uploads\/2025\/04\/cropped-ChatGPT-Image-24-abr-2025-17_08_47.png","contentUrl":"https:\/\/marmengol.santcugatesn.com\/wp-content\/uploads\/2025\/04\/cropped-ChatGPT-Image-24-abr-2025-17_08_47.png","width":512,"height":512,"caption":"VRPartyWorld \u2013 The Future of Social Entertainment"},"image":{"@id":"https:\/\/marmengol.santcugatesn.com\/#\/schema\/logo\/image\/"}}]}},"_links":{"self":[{"href":"https:\/\/marmengol.santcugatesn.com\/index.php\/wp-json\/wp\/v2\/pages\/43","targetHints":{"allow":["GET"]}}],"collection":[{"href":"https:\/\/marmengol.santcugatesn.com\/index.php\/wp-json\/wp\/v2\/pages"}],"about":[{"href":"https:\/\/marmengol.santcugatesn.com\/index.php\/wp-json\/wp\/v2\/types\/page"}],"author":[{"embeddable":true,"href":"https:\/\/marmengol.santcugatesn.com\/index.php\/wp-json\/wp\/v2\/users\/1"}],"replies":[{"embeddable":true,"href":"https:\/\/marmengol.santcugatesn.com\/index.php\/wp-json\/wp\/v2\/comments?post=43"}],"version-history":[{"count":2,"href":"https:\/\/marmengol.santcugatesn.com\/index.php\/wp-json\/wp\/v2\/pages\/43\/revisions"}],"predecessor-version":[{"id":73,"href":"https:\/\/marmengol.santcugatesn.com\/index.php\/wp-json\/wp\/v2\/pages\/43\/revisions\/73"}],"wp:attachment":[{"href":"https:\/\/marmengol.santcugatesn.com\/index.php\/wp-json\/wp\/v2\/media?parent=43"}],"curies":[{"name":"wp","href":"https:\/\/api.w.org\/{rel}","templated":true}]}}